{"id":114,"date":"2026-01-06T17:45:41","date_gmt":"2026-01-06T16:45:41","guid":{"rendered":"https:\/\/ryelandt-j-b.be\/?page_id=114"},"modified":"2026-01-24T10:49:49","modified_gmt":"2026-01-24T09:49:49","slug":"peinture","status":"publish","type":"page","link":"https:\/\/ryelandt-j-b.be\/index.php\/peinture\/","title":{"rendered":"Peintures r\u00e9centes"},"content":{"rendered":"\t\t<div data-elementor-type=\"wp-page\" data-elementor-id=\"114\" class=\"elementor elementor-114\">\n\t\t\t\t<div class=\"elementor-element elementor-element-0f58c6d e-flex e-con-boxed e-con e-parent\" data-id=\"0f58c6d\" data-element_type=\"container\">\n\t\t\t\t\t<div class=\"e-con-inner\">\n\t\t\t\t<div class=\"elementor-element elementor-element-14e59e7 elementor-widget elementor-widget-image\" data-id=\"14e59e7\" data-element_type=\"widget\" data-widget_type=\"image.default\">\n\t\t\t\t\t\t\t\t\t\t\t\t<figure class=\"wp-caption\">\n\t\t\t\t\t\t\t\t\t\t<img fetchpriority=\"high\" decoding=\"async\" width=\"1200\" height=\"960\" src=\"https:\/\/ryelandt-j-b.be\/wp-content\/uploads\/2026\/01\/couronne-web1200-1.jpg\" class=\"attachment-full size-full wp-image-175\" alt=\"couronne botanique et anatomique\" srcset=\"https:\/\/ryelandt-j-b.be\/wp-content\/uploads\/2026\/01\/couronne-web1200-1.jpg 1200w, https:\/\/ryelandt-j-b.be\/wp-content\/uploads\/2026\/01\/couronne-web1200-1-300x240.jpg 300w, https:\/\/ryelandt-j-b.be\/wp-content\/uploads\/2026\/01\/couronne-web1200-1-1024x819.jpg 1024w, https:\/\/ryelandt-j-b.be\/wp-content\/uploads\/2026\/01\/couronne-web1200-1-768x614.jpg 768w\" sizes=\"(max-width: 1200px) 100vw, 1200px\" \/>\t\t\t\t\t\t\t\t\t\t\t<figcaption class=\"widget-image-caption wp-caption-text\">acrylique &amp; huile sur toile 80x100 cm<\/figcaption>\n\t\t\t\t\t\t\t\t\t\t<\/figure>\n\t\t\t\t\t\t\t\t\t<\/div>\n\t\t\t\t\t<\/div>\n\t\t\t\t<\/div>\n\t\t<div class=\"elementor-element elementor-element-bbe5b89 e-flex e-con-boxed e-con e-parent\" data-id=\"bbe5b89\" data-element_type=\"container\">\n\t\t\t\t\t<div class=\"e-con-inner\">\n\t\t<div class=\"elementor-element elementor-element-7fe095e e-con-full e-flex e-con e-child\" data-id=\"7fe095e\" data-element_type=\"container\">\n\t\t\t\t<\/div>\n\t\t<div class=\"elementor-element elementor-element-75fd90e e-con-full e-flex e-con e-child\" data-id=\"75fd90e\" data-element_type=\"container\">\n\t\t\t\t<div class=\"elementor-element elementor-element-de0184a elementor-widget elementor-widget-image\" data-id=\"de0184a\" data-element_type=\"widget\" data-widget_type=\"image.default\">\n\t\t\t\t\t\t\t\t\t\t\t\t<figure class=\"wp-caption\">\n\t\t\t\t\t\t\t\t\t\t<img decoding=\"async\" width=\"714\" height=\"1000\" src=\"https:\/\/ryelandt-j-b.be\/wp-content\/uploads\/2026\/01\/tete-4-fleurs-web1000.jpg\" class=\"attachment-full size-full wp-image-125\" alt=\"\" srcset=\"https:\/\/ryelandt-j-b.be\/wp-content\/uploads\/2026\/01\/tete-4-fleurs-web1000.jpg 714w, https:\/\/ryelandt-j-b.be\/wp-content\/uploads\/2026\/01\/tete-4-fleurs-web1000-214x300.jpg 214w\" sizes=\"(max-width: 714px) 100vw, 714px\" \/>\t\t\t\t\t\t\t\t\t\t\t<figcaption class=\"widget-image-caption wp-caption-text\">acrylique &amp; huile sur toile 70x50 cm<\/figcaption>\n\t\t\t\t\t\t\t\t\t\t<\/figure>\n\t\t\t\t\t\t\t\t\t<\/div>\n\t\t\t\t<\/div>\n\t\t\t\t\t<\/div>\n\t\t\t\t<\/div>\n\t\t<div class=\"elementor-element elementor-element-d907df9 e-flex e-con-boxed e-con e-parent\" data-id=\"d907df9\" data-element_type=\"container\">\n\t\t\t\t\t<div class=\"e-con-inner\">\n\t\t\t\t<div class=\"elementor-element elementor-element-26c6c4a elementor-widget elementor-widget-image\" data-id=\"26c6c4a\" data-element_type=\"widget\" data-widget_type=\"image.default\">\n\t\t\t\t\t\t\t\t\t\t\t\t<figure class=\"wp-caption\">\n\t\t\t\t\t\t\t\t\t\t<img decoding=\"async\" width=\"1000\" height=\"859\" src=\"https:\/\/ryelandt-j-b.be\/wp-content\/uploads\/2026\/01\/quatre-cranes-1000-1.jpg\" class=\"attachment-full size-full wp-image-119\" alt=\"quatre cr\u00e2nes, quatre lumi\u00e8res, p\u00e9tales\" srcset=\"https:\/\/ryelandt-j-b.be\/wp-content\/uploads\/2026\/01\/quatre-cranes-1000-1.jpg 1000w, https:\/\/ryelandt-j-b.be\/wp-content\/uploads\/2026\/01\/quatre-cranes-1000-1-300x258.jpg 300w, https:\/\/ryelandt-j-b.be\/wp-content\/uploads\/2026\/01\/quatre-cranes-1000-1-768x660.jpg 768w\" sizes=\"(max-width: 1000px) 100vw, 1000px\" \/>\t\t\t\t\t\t\t\t\t\t\t<figcaption class=\"widget-image-caption wp-caption-text\">acrylique &amp;huile sur toile 52x62 cm<\/figcaption>\n\t\t\t\t\t\t\t\t\t\t<\/figure>\n\t\t\t\t\t\t\t\t\t<\/div>\n\t\t\t\t\t<\/div>\n\t\t\t\t<\/div>\n\t\t<div class=\"elementor-element elementor-element-d209d36 e-flex e-con-boxed e-con e-parent\" data-id=\"d209d36\" data-element_type=\"container\">\n\t\t\t\t\t<div class=\"e-con-inner\">\n\t\t<div class=\"elementor-element elementor-element-622de69 e-con-full e-flex e-con e-child\" data-id=\"622de69\" data-element_type=\"container\">\n\t\t\t\t<div class=\"elementor-element elementor-element-02d24a5 elementor-widget elementor-widget-image\" data-id=\"02d24a5\" data-element_type=\"widget\" data-widget_type=\"image.default\">\n\t\t\t\t\t\t\t\t\t\t\t\t<figure class=\"wp-caption\">\n\t\t\t\t\t\t\t\t\t\t<img loading=\"lazy\" decoding=\"async\" width=\"1200\" height=\"793\" src=\"https:\/\/ryelandt-j-b.be\/wp-content\/uploads\/2026\/01\/Trois-casques-web1200.jpg\" class=\"attachment-full size-full wp-image-73\" alt=\"trois casques, putti\" srcset=\"https:\/\/ryelandt-j-b.be\/wp-content\/uploads\/2026\/01\/Trois-casques-web1200.jpg 1200w, https:\/\/ryelandt-j-b.be\/wp-content\/uploads\/2026\/01\/Trois-casques-web1200-300x198.jpg 300w, https:\/\/ryelandt-j-b.be\/wp-content\/uploads\/2026\/01\/Trois-casques-web1200-1024x677.jpg 1024w, https:\/\/ryelandt-j-b.be\/wp-content\/uploads\/2026\/01\/Trois-casques-web1200-768x508.jpg 768w\" sizes=\"(max-width: 1200px) 100vw, 1200px\" \/>\t\t\t\t\t\t\t\t\t\t\t<figcaption class=\"widget-image-caption wp-caption-text\">acrylique &amp;huile sur toile 52x62 cm<\/figcaption>\n\t\t\t\t\t\t\t\t\t\t<\/figure>\n\t\t\t\t\t\t\t\t\t<\/div>\n\t\t\t\t<\/div>\n\t\t<div class=\"elementor-element elementor-element-21d4c49 e-con-full e-flex e-con e-child\" data-id=\"21d4c49\" data-element_type=\"container\">\n\t\t\t\t<\/div>\n\t\t<div class=\"elementor-element elementor-element-72ded92 e-con-full e-flex e-con e-child\" data-id=\"72ded92\" data-element_type=\"container\">\n\t\t\t\t<\/div>\n\t\t<div class=\"elementor-element elementor-element-1ee1c81 e-con-full e-flex e-con e-child\" data-id=\"1ee1c81\" data-element_type=\"container\">\n\t\t\t\t<div class=\"elementor-element elementor-element-17626c9 elementor-widget elementor-widget-image\" data-id=\"17626c9\" data-element_type=\"widget\" data-widget_type=\"image.default\">\n\t\t\t\t\t\t\t\t\t\t\t\t<figure class=\"wp-caption\">\n\t\t\t\t\t\t\t\t\t\t<img loading=\"lazy\" decoding=\"async\" width=\"1000\" height=\"706\" src=\"https:\/\/ryelandt-j-b.be\/wp-content\/uploads\/2026\/01\/deux-casques-web1000.jpg\" class=\"attachment-full size-full wp-image-120\" alt=\"\" srcset=\"https:\/\/ryelandt-j-b.be\/wp-content\/uploads\/2026\/01\/deux-casques-web1000.jpg 1000w, https:\/\/ryelandt-j-b.be\/wp-content\/uploads\/2026\/01\/deux-casques-web1000-300x212.jpg 300w, https:\/\/ryelandt-j-b.be\/wp-content\/uploads\/2026\/01\/deux-casques-web1000-768x542.jpg 768w\" sizes=\"(max-width: 1000px) 100vw, 1000px\" \/>\t\t\t\t\t\t\t\t\t\t\t<figcaption class=\"widget-image-caption wp-caption-text\">acrylique &amp; huile sur toile 70x100 cm<\/figcaption>\n\t\t\t\t\t\t\t\t\t\t<\/figure>\n\t\t\t\t\t\t\t\t\t<\/div>\n\t\t\t\t<\/div>\n\t\t\t\t\t<\/div>\n\t\t\t\t<\/div>\n\t\t<div class=\"elementor-element elementor-element-dcc8696 e-flex e-con-boxed e-con e-parent\" data-id=\"dcc8696\" data-element_type=\"container\">\n\t\t\t\t\t<div class=\"e-con-inner\">\n\t\t\t\t<div class=\"elementor-element elementor-element-a12ddab elementor-widget elementor-widget-image\" data-id=\"a12ddab\" data-element_type=\"widget\" data-widget_type=\"image.default\">\n\t\t\t\t\t\t\t\t\t\t\t\t<figure class=\"wp-caption\">\n\t\t\t\t\t\t\t\t\t\t<img loading=\"lazy\" decoding=\"async\" width=\"846\" height=\"1200\" src=\"https:\/\/ryelandt-j-b.be\/wp-content\/uploads\/2026\/01\/main-tete-roses-web1200.jpg\" class=\"attachment-full size-full wp-image-121\" alt=\"Roses, main, t\u00eate\" srcset=\"https:\/\/ryelandt-j-b.be\/wp-content\/uploads\/2026\/01\/main-tete-roses-web1200.jpg 846w, https:\/\/ryelandt-j-b.be\/wp-content\/uploads\/2026\/01\/main-tete-roses-web1200-212x300.jpg 212w, https:\/\/ryelandt-j-b.be\/wp-content\/uploads\/2026\/01\/main-tete-roses-web1200-722x1024.jpg 722w, https:\/\/ryelandt-j-b.be\/wp-content\/uploads\/2026\/01\/main-tete-roses-web1200-768x1089.jpg 768w\" sizes=\"(max-width: 846px) 100vw, 846px\" \/>\t\t\t\t\t\t\t\t\t\t\t<figcaption class=\"widget-image-caption wp-caption-text\">acrylique &amp; huile sur toile 100x70 cm<\/figcaption>\n\t\t\t\t\t\t\t\t\t\t<\/figure>\n\t\t\t\t\t\t\t\t\t<\/div>\n\t\t\t\t\t<\/div>\n\t\t\t\t<\/div>\n\t\t<div class=\"elementor-element elementor-element-1f458e4 e-flex e-con-boxed e-con e-parent\" data-id=\"1f458e4\" data-element_type=\"container\">\n\t\t\t\t\t<div class=\"e-con-inner\">\n\t\t\t\t<div class=\"elementor-element elementor-element-75c6c4c elementor-widget elementor-widget-image\" data-id=\"75c6c4c\" data-element_type=\"widget\" data-widget_type=\"image.default\">\n\t\t\t\t\t\t\t\t\t\t\t\t<figure class=\"wp-caption\">\n\t\t\t\t\t\t\t\t\t\t<img loading=\"lazy\" decoding=\"async\" width=\"1187\" height=\"712\" src=\"https:\/\/ryelandt-j-b.be\/wp-content\/uploads\/2026\/01\/triptyque-centre-1200-3.jpg\" class=\"attachment-full size-full wp-image-265\" alt=\"quatre \u00e9l\u00e9ments anatomiques dans un d\u00e9cors botanique\" srcset=\"https:\/\/ryelandt-j-b.be\/wp-content\/uploads\/2026\/01\/triptyque-centre-1200-3.jpg 1187w, https:\/\/ryelandt-j-b.be\/wp-content\/uploads\/2026\/01\/triptyque-centre-1200-3-300x180.jpg 300w, https:\/\/ryelandt-j-b.be\/wp-content\/uploads\/2026\/01\/triptyque-centre-1200-3-1024x614.jpg 1024w, https:\/\/ryelandt-j-b.be\/wp-content\/uploads\/2026\/01\/triptyque-centre-1200-3-768x461.jpg 768w\" sizes=\"(max-width: 1187px) 100vw, 1187px\" \/>\t\t\t\t\t\t\t\t\t\t\t<figcaption class=\"widget-image-caption wp-caption-text\">acrylique &amp; huile sur toile 65x110 cm<\/figcaption>\n\t\t\t\t\t\t\t\t\t\t<\/figure>\n\t\t\t\t\t\t\t\t\t<\/div>\n\t\t\t\t\t<\/div>\n\t\t\t\t<\/div>\n\t\t<div class=\"elementor-element elementor-element-5760009 e-flex e-con-boxed e-con e-parent\" data-id=\"5760009\" data-element_type=\"container\">\n\t\t\t\t\t<div class=\"e-con-inner\">\n\t\t\t\t<div class=\"elementor-element elementor-element-01525e9 elementor-widget elementor-widget-text-editor\" data-id=\"01525e9\" data-element_type=\"widget\" data-widget_type=\"text-editor.default\">\n\t\t\t\t\t\t\t\t\t<div class=\"elementor-element elementor-element-e20606e e-flex e-con-boxed e-con e-parent e-lazyloaded\" data-id=\"e20606e\" data-element_type=\"container\"><p>Si la militance en appelle \u00e0 une pratique collective de l&rsquo;art, la solitude de l&rsquo;atelier est peut-\u00eatre sa compl\u00e9mentaire. <br \/>La peinture est pour moi un moyen d&rsquo;engourdissement ou d&rsquo;enfouissement de la r\u00e9alit\u00e9.<\/p><p>Je d\u00e9marre avec en t\u00eate quelques \u00e9l\u00e9ments choisis dans mon entourage ou emprunt\u00e9s \u00e0 l&rsquo;une ou l&rsquo;autre peinture d&rsquo;une \u00e9poque ancienne. M\u00eame s&rsquo;ils peuvent \u00eatre des \u00e9l\u00e9ments d&rsquo;anatomie ou de botanique, je les appelle <em>objets picturaux<\/em>. Ce sont des pas grand chose \u00e0 la texture floue, destin\u00e9s \u00e0 \u00eatre trait\u00e9s comme les formes abstraites de compositions ou de narrations insens\u00e9es. Les ayant souvent dessin\u00e9s je les ai aussi, \u00e0 ma fa\u00e7on, bien en main.\u00a0\u00a0<\/p><p>Je jette sur eux mon filet de point-n\u0153uds, de cases et de liens. J\u2019ordonne ma toile comme je g\u00e8re mon jardin, avec ses chemins, ses points d\u2019arr\u00eats, ses parcelles denses et ferm\u00e9es, ses ouvertures et son labyrinthe.<br \/>C&rsquo;est ainsi que j&rsquo;\u00e9tablis un \u00e9quilibre dans mes pratiques artistiques entre collectif et intime et que je prolonge, sous une tout autre forme et avec d&rsquo;autres objectifs, la cr\u00e9ation et l\u2019assemblage d\u2019objets que j&rsquo;ai pratiqu\u00e9s longtemps avec Olivier Colassin sous le label <em>\u00e0 Propos 2.<\/em><\/p><\/div>\t\t\t\t\t\t\t\t<\/div>\n\t\t\t\t\t<\/div>\n\t\t\t\t<\/div>\n\t\t<div class=\"elementor-element elementor-element-70ce1ed e-flex e-con-boxed e-con e-parent\" data-id=\"70ce1ed\" data-element_type=\"container\">\n\t\t\t\t\t<div class=\"e-con-inner\">\n\t\t<div class=\"elementor-element elementor-element-8c9a334 e-con-full e-flex e-con e-child\" data-id=\"8c9a334\" data-element_type=\"container\">\n\t\t\t\t<\/div>\n\t\t<div class=\"elementor-element elementor-element-9748d64 e-con-full e-flex e-con e-child\" data-id=\"9748d64\" data-element_type=\"container\">\n\t\t\t\t<div class=\"elementor-element elementor-element-6eed984 elementor-align-center elementor-widget elementor-widget-button\" data-id=\"6eed984\" data-element_type=\"widget\" data-widget_type=\"button.default\">\n\t\t\t\t\t\t\t\t\t\t<a class=\"elementor-button elementor-button-link elementor-size-sm\" href=\"https:\/\/ryelandt-j-b.be\/\">\n\t\t\t\t\t\t<span class=\"elementor-button-content-wrapper\">\n\t\t\t\t\t\t\t\t\t<span class=\"elementor-button-text\">Retour page d'ACCUEIL<\/span>\n\t\t\t\t\t<\/span>\n\t\t\t\t\t<\/a>\n\t\t\t\t\t\t\t\t<\/div>\n\t\t\t\t<\/div>\n\t\t<div class=\"elementor-element elementor-element-3085d52 e-con-full e-flex e-con e-child\" data-id=\"3085d52\" data-element_type=\"container\">\n\t\t\t\t<\/div>\n\t\t\t\t\t<\/div>\n\t\t\t\t<\/div>\n\t\t\t\t<\/div>\n\t\t","protected":false},"excerpt":{"rendered":"<p>acrylique &amp; huile sur toile 80&#215;100 cm acrylique &amp; huile sur toile 70&#215;50 cm acrylique &amp;huile sur toile 52&#215;62 cm acrylique &amp;huile sur toile 52&#215;62 cm acrylique &amp; huile sur toile 70&#215;100 cm acrylique &amp; huile sur toile 100&#215;70 cm acrylique &amp; huile sur toile 65&#215;110 cm Si la militance en appelle \u00e0 une pratique [&hellip;]<\/p>\n","protected":false},"author":1,"featured_media":0,"parent":0,"menu_order":0,"comment_status":"closed","ping_status":"closed","template":"","meta":{"footnotes":""},"class_list":["post-114","page","type-page","status-publish","hentry"],"_links":{"self":[{"href":"https:\/\/ryelandt-j-b.be\/index.php\/wp-json\/wp\/v2\/pages\/114","targetHints":{"allow":["GET"]}}],"collection":[{"href":"https:\/\/ryelandt-j-b.be\/index.php\/wp-json\/wp\/v2\/pages"}],"about":[{"href":"https:\/\/ryelandt-j-b.be\/index.php\/wp-json\/wp\/v2\/types\/page"}],"author":[{"embeddable":true,"href":"https:\/\/ryelandt-j-b.be\/index.php\/wp-json\/wp\/v2\/users\/1"}],"replies":[{"embeddable":true,"href":"https:\/\/ryelandt-j-b.be\/index.php\/wp-json\/wp\/v2\/comments?post=114"}],"version-history":[{"count":88,"href":"https:\/\/ryelandt-j-b.be\/index.php\/wp-json\/wp\/v2\/pages\/114\/revisions"}],"predecessor-version":[{"id":434,"href":"https:\/\/ryelandt-j-b.be\/index.php\/wp-json\/wp\/v2\/pages\/114\/revisions\/434"}],"wp:attachment":[{"href":"https:\/\/ryelandt-j-b.be\/index.php\/wp-json\/wp\/v2\/media?parent=114"}],"curies":[{"name":"wp","href":"https:\/\/api.w.org\/{rel}","templated":true}]}}