{"id":31,"date":"2026-01-03T19:02:31","date_gmt":"2026-01-03T18:02:31","guid":{"rendered":"https:\/\/ryelandt-j-b.be\/?page_id=31"},"modified":"2026-01-24T14:13:18","modified_gmt":"2026-01-24T13:13:18","slug":"label-apropos2","status":"publish","type":"page","link":"https:\/\/ryelandt-j-b.be\/index.php\/label-apropos2\/","title":{"rendered":"\u00e0 Propos 2"},"content":{"rendered":"\t\t<div data-elementor-type=\"wp-page\" data-elementor-id=\"31\" class=\"elementor elementor-31\">\n\t\t\t\t<div class=\"elementor-element elementor-element-73a5a74 e-flex e-con-boxed e-con e-parent\" data-id=\"73a5a74\" data-element_type=\"container\">\n\t\t\t\t\t<div class=\"e-con-inner\">\n\t\t<div class=\"elementor-element elementor-element-73b8bf7 e-con-full e-flex e-con e-child\" data-id=\"73b8bf7\" data-element_type=\"container\">\n\t\t\t\t<div class=\"elementor-element elementor-element-78a6bfe elementor-widget elementor-widget-image\" data-id=\"78a6bfe\" data-element_type=\"widget\" data-widget_type=\"image.default\">\n\t\t\t\t\t\t\t\t\t\t\t\t\t\t\t<img decoding=\"async\" width=\"150\" height=\"150\" src=\"https:\/\/ryelandt-j-b.be\/wp-content\/uploads\/2025\/12\/PAD-apropos2-logo-550-150x150.jpg\" class=\"attachment-thumbnail size-thumbnail wp-image-14\" alt=\"logo du label &quot;\u00e0 Propos 2&quot;\" srcset=\"https:\/\/ryelandt-j-b.be\/wp-content\/uploads\/2025\/12\/PAD-apropos2-logo-550-150x150.jpg 150w, https:\/\/ryelandt-j-b.be\/wp-content\/uploads\/2025\/12\/PAD-apropos2-logo-550-300x300.jpg 300w, https:\/\/ryelandt-j-b.be\/wp-content\/uploads\/2025\/12\/PAD-apropos2-logo-550.jpg 550w\" sizes=\"(max-width: 150px) 100vw, 150px\" \/>\t\t\t\t\t\t\t\t\t\t\t\t\t\t\t<\/div>\n\t\t\t\t<\/div>\n\t\t<div class=\"elementor-element elementor-element-48105b5 e-con-full e-flex e-con e-child\" data-id=\"48105b5\" data-element_type=\"container\">\n\t\t\t\t<div class=\"elementor-element elementor-element-31eb64e elementor-widget elementor-widget-text-editor\" data-id=\"31eb64e\" data-element_type=\"widget\" data-widget_type=\"text-editor.default\">\n\t\t\t\t\t\t\t\t\t<p>\u00ab\u00a0\u00e0 Propos 2\u00a0\u00bb est le label du duo Olivier Colassin &amp; Jean-Baptiste Ryelandt. <br \/>Cr\u00e9ateurs d&rsquo;objets, de mobilier et de mobilier public, ils ont s\u00e9vi aussi en sculpture, assemblage et installation. Les pi\u00e8ces pr\u00e9sent\u00e9es ci-dessous ont \u00e9t\u00e9 expos\u00e9es, le plus souvent dans des expositions collectives pour lesquelles elles ont \u00e9t\u00e9 sp\u00e9cialement con\u00e7ues.\u00a0<\/p>\t\t\t\t\t\t\t\t<\/div>\n\t\t\t\t<\/div>\n\t\t\t\t\t<\/div>\n\t\t\t\t<\/div>\n\t\t<div class=\"elementor-element elementor-element-7412646 e-flex e-con-boxed e-con e-parent\" data-id=\"7412646\" data-element_type=\"container\">\n\t\t\t\t\t<div class=\"e-con-inner\">\n\t\t<div class=\"elementor-element elementor-element-d2841ca e-con-full e-flex e-con e-child\" data-id=\"d2841ca\" data-element_type=\"container\">\n\t\t\t\t<div class=\"elementor-element elementor-element-3915841 elementor-widget elementor-widget-image\" data-id=\"3915841\" data-element_type=\"widget\" data-widget_type=\"image.default\">\n\t\t\t\t\t\t\t\t\t\t\t\t<figure class=\"wp-caption\">\n\t\t\t\t\t\t\t\t\t\t<img fetchpriority=\"high\" decoding=\"async\" width=\"567\" height=\"567\" src=\"https:\/\/ryelandt-j-b.be\/wp-content\/uploads\/2026\/01\/colere-gd.jpg\" class=\"attachment-medium_large size-medium_large wp-image-36\" alt=\"La Col\u00e8re, sculpture lumineuse. B\u00e9ton, m\u00e9tal, d\u00e9bris de verre, fil rouge, ampoule rouge\" srcset=\"https:\/\/ryelandt-j-b.be\/wp-content\/uploads\/2026\/01\/colere-gd.jpg 567w, https:\/\/ryelandt-j-b.be\/wp-content\/uploads\/2026\/01\/colere-gd-300x300.jpg 300w, https:\/\/ryelandt-j-b.be\/wp-content\/uploads\/2026\/01\/colere-gd-150x150.jpg 150w\" sizes=\"(max-width: 567px) 100vw, 567px\" \/>\t\t\t\t\t\t\t\t\t\t\t<figcaption class=\"widget-image-caption wp-caption-text\">La Col\u00e8re. B\u00e9ton, acier, d\u00e9bris de verre, fil et ampoule rouges<\/figcaption>\n\t\t\t\t\t\t\t\t\t\t<\/figure>\n\t\t\t\t\t\t\t\t\t<\/div>\n\t\t\t\t<\/div>\n\t\t<div class=\"elementor-element elementor-element-a36e053 e-con-full e-flex e-con e-child\" data-id=\"a36e053\" data-element_type=\"container\">\n\t\t\t\t<div class=\"elementor-element elementor-element-cbfb407 elementor-widget elementor-widget-image\" data-id=\"cbfb407\" data-element_type=\"widget\" data-widget_type=\"image.default\">\n\t\t\t\t\t\t\t\t\t\t\t\t<figure class=\"wp-caption\">\n\t\t\t\t\t\t\t\t\t\t<img decoding=\"async\" width=\"550\" height=\"690\" src=\"https:\/\/ryelandt-j-b.be\/wp-content\/uploads\/2026\/01\/match-girl.jpg\" class=\"attachment-large size-large wp-image-44\" alt=\"Little Matchgirl. Jouets,allumettes\" srcset=\"https:\/\/ryelandt-j-b.be\/wp-content\/uploads\/2026\/01\/match-girl.jpg 550w, https:\/\/ryelandt-j-b.be\/wp-content\/uploads\/2026\/01\/match-girl-239x300.jpg 239w\" sizes=\"(max-width: 550px) 100vw, 550px\" \/>\t\t\t\t\t\t\t\t\t\t\t<figcaption class=\"widget-image-caption wp-caption-text\">Little Matchgirl. Jouets, allumettes<\/figcaption>\n\t\t\t\t\t\t\t\t\t\t<\/figure>\n\t\t\t\t\t\t\t\t\t<\/div>\n\t\t\t\t<\/div>\n\t\t\t\t\t<\/div>\n\t\t\t\t<\/div>\n\t\t<div class=\"elementor-element elementor-element-2f8a2d0 e-flex e-con-boxed e-con e-parent\" data-id=\"2f8a2d0\" data-element_type=\"container\">\n\t\t\t\t\t<div class=\"e-con-inner\">\n\t\t<div class=\"elementor-element elementor-element-e8649e6 e-con-full e-flex e-con e-child\" data-id=\"e8649e6\" data-element_type=\"container\">\n\t\t\t\t<div class=\"elementor-element elementor-element-a7251b9 elementor-widget elementor-widget-image\" data-id=\"a7251b9\" data-element_type=\"widget\" data-widget_type=\"image.default\">\n\t\t\t\t\t\t\t\t\t\t\t\t<figure class=\"wp-caption\">\n\t\t\t\t\t\t\t\t\t\t<img loading=\"lazy\" decoding=\"async\" width=\"535\" height=\"1024\" src=\"https:\/\/ryelandt-j-b.be\/wp-content\/uploads\/2026\/01\/huitieme-peche-535x1024.jpg\" class=\"attachment-large size-large wp-image-191\" alt=\"Machine \u00e0 tendre la peau, taille humaine, sur le mod\u00e8le de la barbie\" srcset=\"https:\/\/ryelandt-j-b.be\/wp-content\/uploads\/2026\/01\/huitieme-peche-535x1024.jpg 535w, https:\/\/ryelandt-j-b.be\/wp-content\/uploads\/2026\/01\/huitieme-peche-157x300.jpg 157w, https:\/\/ryelandt-j-b.be\/wp-content\/uploads\/2026\/01\/huitieme-peche.jpg 563w\" sizes=\"(max-width: 535px) 100vw, 535px\" \/>\t\t\t\t\t\t\t\t\t\t\t<figcaption class=\"widget-image-caption wp-caption-text\">Vieillesse, le 8\u00e8me p\u00e9ch\u00e9. Inox et latex<\/figcaption>\n\t\t\t\t\t\t\t\t\t\t<\/figure>\n\t\t\t\t\t\t\t\t\t<\/div>\n\t\t\t\t<\/div>\n\t\t<div class=\"elementor-element elementor-element-41c787d e-con-full e-flex e-con e-child\" data-id=\"41c787d\" data-element_type=\"container\">\n\t\t\t\t<div class=\"elementor-element elementor-element-dd521f3 elementor-widget elementor-widget-image\" data-id=\"dd521f3\" data-element_type=\"widget\" data-widget_type=\"image.default\">\n\t\t\t\t\t\t\t\t\t\t\t\t<figure class=\"wp-caption\">\n\t\t\t\t\t\t\t\t\t\t<img loading=\"lazy\" decoding=\"async\" width=\"760\" height=\"1024\" src=\"https:\/\/ryelandt-j-b.be\/wp-content\/uploads\/2026\/01\/histoire-belge-760x1024.jpg\" class=\"attachment-large size-large wp-image-43\" alt=\"Histoire plus ou moins belge. Graphisme : panneaux routier texan &quot;attention travers\u00e9e d&#039;immigr\u00e9s&quot; sur fond de + et de -\" srcset=\"https:\/\/ryelandt-j-b.be\/wp-content\/uploads\/2026\/01\/histoire-belge-760x1024.jpg 760w, https:\/\/ryelandt-j-b.be\/wp-content\/uploads\/2026\/01\/histoire-belge-223x300.jpg 223w, https:\/\/ryelandt-j-b.be\/wp-content\/uploads\/2026\/01\/histoire-belge.jpg 764w\" sizes=\"(max-width: 760px) 100vw, 760px\" \/>\t\t\t\t\t\t\t\t\t\t\t<figcaption class=\"widget-image-caption wp-caption-text\">Histoire plus ou moins belge. Graphisme : panneau routier texan \"attention travers\u00e9e d'immigr\u00e9s\" sur fond de + et de -<\/figcaption>\n\t\t\t\t\t\t\t\t\t\t<\/figure>\n\t\t\t\t\t\t\t\t\t<\/div>\n\t\t\t\t<\/div>\n\t\t\t\t\t<\/div>\n\t\t\t\t<\/div>\n\t\t<div class=\"elementor-element elementor-element-a289abd e-flex e-con-boxed e-con e-parent\" data-id=\"a289abd\" data-element_type=\"container\">\n\t\t\t\t\t<div class=\"e-con-inner\">\n\t\t<div class=\"elementor-element elementor-element-3a1bc7a e-con-full e-flex e-con e-child\" data-id=\"3a1bc7a\" data-element_type=\"container\">\n\t\t\t\t<div class=\"elementor-element elementor-element-9dc576e elementor-widget elementor-widget-image\" data-id=\"9dc576e\" data-element_type=\"widget\" data-widget_type=\"image.default\">\n\t\t\t\t\t\t\t\t\t\t\t\t<figure class=\"wp-caption\">\n\t\t\t\t\t\t\t\t\t\t<img loading=\"lazy\" decoding=\"async\" width=\"550\" height=\"733\" src=\"https:\/\/ryelandt-j-b.be\/wp-content\/uploads\/2026\/01\/berlin-gaza-brux.jpg\" class=\"attachment-full size-full wp-image-42\" alt=\"Berlin, Gaza, Bruxelles ? OSB, verre, plexi, eau, poissons rouges, faux rats, quincaillerie\" srcset=\"https:\/\/ryelandt-j-b.be\/wp-content\/uploads\/2026\/01\/berlin-gaza-brux.jpg 550w, https:\/\/ryelandt-j-b.be\/wp-content\/uploads\/2026\/01\/berlin-gaza-brux-225x300.jpg 225w\" sizes=\"(max-width: 550px) 100vw, 550px\" \/>\t\t\t\t\t\t\t\t\t\t\t<figcaption class=\"widget-image-caption wp-caption-text\">Berlin\/ Gaza\/ Bruxelles ? <\/figcaption>\n\t\t\t\t\t\t\t\t\t\t<\/figure>\n\t\t\t\t\t\t\t\t\t<\/div>\n\t\t\t\t<\/div>\n\t\t<div class=\"elementor-element elementor-element-cc7ec29 e-con-full e-flex e-con e-child\" data-id=\"cc7ec29\" data-element_type=\"container\">\n\t\t\t\t<div class=\"elementor-element elementor-element-de1ea96 elementor-widget elementor-widget-image\" data-id=\"de1ea96\" data-element_type=\"widget\" data-widget_type=\"image.default\">\n\t\t\t\t\t\t\t\t\t\t\t\t<figure class=\"wp-caption\">\n\t\t\t\t\t\t\t\t\t\t<img loading=\"lazy\" decoding=\"async\" width=\"550\" height=\"592\" src=\"https:\/\/ryelandt-j-b.be\/wp-content\/uploads\/2026\/01\/sortie-boite.jpg\" class=\"attachment-medium_large size-medium_large wp-image-39\" alt=\"\" srcset=\"https:\/\/ryelandt-j-b.be\/wp-content\/uploads\/2026\/01\/sortie-boite.jpg 550w, https:\/\/ryelandt-j-b.be\/wp-content\/uploads\/2026\/01\/sortie-boite-279x300.jpg 279w\" sizes=\"(max-width: 550px) 100vw, 550px\" \/>\t\t\t\t\t\t\t\t\t\t\t<figcaption class=\"widget-image-caption wp-caption-text\">Sortie en boite. Vitrine, bois, acier et sac \u00e0 main en ska\u00ef rose<\/figcaption>\n\t\t\t\t\t\t\t\t\t\t<\/figure>\n\t\t\t\t\t\t\t\t\t<\/div>\n\t\t\t\t<\/div>\n\t\t\t\t\t<\/div>\n\t\t\t\t<\/div>\n\t\t<div class=\"elementor-element elementor-element-d03ab5e e-flex e-con-boxed e-con e-parent\" data-id=\"d03ab5e\" data-element_type=\"container\">\n\t\t\t\t\t<div class=\"e-con-inner\">\n\t\t<div class=\"elementor-element elementor-element-65bc132 e-con-full e-flex e-con e-child\" data-id=\"65bc132\" data-element_type=\"container\">\n\t\t\t\t<div class=\"elementor-element elementor-element-892e228 elementor-widget elementor-widget-image\" data-id=\"892e228\" data-element_type=\"widget\" data-widget_type=\"image.default\">\n\t\t\t\t\t\t\t\t\t\t\t\t<figure class=\"wp-caption\">\n\t\t\t\t\t\t\t\t\t\t<img loading=\"lazy\" decoding=\"async\" width=\"550\" height=\"711\" src=\"https:\/\/ryelandt-j-b.be\/wp-content\/uploads\/2026\/01\/destructure3-detail.jpg\" class=\"attachment-medium_large size-medium_large wp-image-40\" alt=\"\" srcset=\"https:\/\/ryelandt-j-b.be\/wp-content\/uploads\/2026\/01\/destructure3-detail.jpg 550w, https:\/\/ryelandt-j-b.be\/wp-content\/uploads\/2026\/01\/destructure3-detail-232x300.jpg 232w\" sizes=\"(max-width: 550px) 100vw, 550px\" \/>\t\t\t\t\t\t\t\t\t\t\t<figcaption class=\"widget-image-caption wp-caption-text\">D\u00e9structure, lustre \u00e0 poser. MDF noir, ch\u00eane<\/figcaption>\n\t\t\t\t\t\t\t\t\t\t<\/figure>\n\t\t\t\t\t\t\t\t\t<\/div>\n\t\t\t\t<\/div>\n\t\t<div class=\"elementor-element elementor-element-a320835 e-con-full e-flex e-con e-child\" data-id=\"a320835\" data-element_type=\"container\">\n\t\t\t\t<div class=\"elementor-element elementor-element-57dbe5e elementor-widget elementor-widget-image\" data-id=\"57dbe5e\" data-element_type=\"widget\" data-widget_type=\"image.default\">\n\t\t\t\t\t\t\t\t\t\t\t\t<figure class=\"wp-caption\">\n\t\t\t\t\t\t\t\t\t\t<img loading=\"lazy\" decoding=\"async\" width=\"550\" height=\"550\" src=\"https:\/\/ryelandt-j-b.be\/wp-content\/uploads\/2025\/12\/PAD-Accrochage-550.jpg\" class=\"attachment-medium_large size-medium_large wp-image-13\" alt=\"les nus de l&#039;histoire de l&#039;art au rayon du pr\u00eat \u00e0 porter\" srcset=\"https:\/\/ryelandt-j-b.be\/wp-content\/uploads\/2025\/12\/PAD-Accrochage-550.jpg 550w, https:\/\/ryelandt-j-b.be\/wp-content\/uploads\/2025\/12\/PAD-Accrochage-550-300x300.jpg 300w, https:\/\/ryelandt-j-b.be\/wp-content\/uploads\/2025\/12\/PAD-Accrochage-550-150x150.jpg 150w\" sizes=\"(max-width: 550px) 100vw, 550px\" \/>\t\t\t\t\t\t\t\t\t\t\t<figcaption class=\"widget-image-caption wp-caption-text\">Accrochage, les grandes r\u00e9f\u00e9rences du nu au rayon du pr\u00eat \u00e0 porter<\/figcaption>\n\t\t\t\t\t\t\t\t\t\t<\/figure>\n\t\t\t\t\t\t\t\t\t<\/div>\n\t\t\t\t<\/div>\n\t\t\t\t\t<\/div>\n\t\t\t\t<\/div>\n\t\t<div class=\"elementor-element elementor-element-5a13682 e-flex e-con-boxed e-con e-parent\" data-id=\"5a13682\" data-element_type=\"container\">\n\t\t\t\t\t<div class=\"e-con-inner\">\n\t\t<div class=\"elementor-element elementor-element-d5745a2 e-con-full e-flex e-con e-child\" data-id=\"d5745a2\" data-element_type=\"container\">\n\t\t\t\t<div class=\"elementor-element elementor-element-be4e639 elementor-widget elementor-widget-image\" data-id=\"be4e639\" data-element_type=\"widget\" data-widget_type=\"image.default\">\n\t\t\t\t\t\t\t\t\t\t\t\t<figure class=\"wp-caption\">\n\t\t\t\t\t\t\t\t\t\t<img loading=\"lazy\" decoding=\"async\" width=\"680\" height=\"456\" src=\"https:\/\/ryelandt-j-b.be\/wp-content\/uploads\/2026\/01\/tactile-surgelateur.jpg\" class=\"attachment-large size-large wp-image-45\" alt=\"Tactile. Surg\u00e9lateur, d\u00e9bris de machine \u00e0 \u00e9crire, carottes de glace\" srcset=\"https:\/\/ryelandt-j-b.be\/wp-content\/uploads\/2026\/01\/tactile-surgelateur.jpg 680w, https:\/\/ryelandt-j-b.be\/wp-content\/uploads\/2026\/01\/tactile-surgelateur-300x201.jpg 300w\" sizes=\"(max-width: 680px) 100vw, 680px\" \/>\t\t\t\t\t\t\t\t\t\t\t<figcaption class=\"widget-image-caption wp-caption-text\">Tactile. Surg\u00e9lateur, d\u00e9bris de machine \u00e0 \u00e9crire, carottes de glace<\/figcaption>\n\t\t\t\t\t\t\t\t\t\t<\/figure>\n\t\t\t\t\t\t\t\t\t<\/div>\n\t\t\t\t<\/div>\n\t\t<div class=\"elementor-element elementor-element-aa76981 e-con-full e-flex e-con e-child\" data-id=\"aa76981\" data-element_type=\"container\">\n\t\t\t\t<div class=\"elementor-element elementor-element-8155cde elementor-widget elementor-widget-image\" data-id=\"8155cde\" data-element_type=\"widget\" data-widget_type=\"image.default\">\n\t\t\t\t\t\t\t\t\t\t\t\t<figure class=\"wp-caption\">\n\t\t\t\t\t\t\t\t\t\t<img loading=\"lazy\" decoding=\"async\" width=\"550\" height=\"523\" src=\"https:\/\/ryelandt-j-b.be\/wp-content\/uploads\/2026\/01\/peepshow-detail.jpg\" class=\"attachment-large size-large wp-image-46\" alt=\"Peepschow. Miroir, juda, monnayeur, rideau, ska\u00ef, bois et m\u00e9tal\" srcset=\"https:\/\/ryelandt-j-b.be\/wp-content\/uploads\/2026\/01\/peepshow-detail.jpg 550w, https:\/\/ryelandt-j-b.be\/wp-content\/uploads\/2026\/01\/peepshow-detail-300x285.jpg 300w\" sizes=\"(max-width: 550px) 100vw, 550px\" \/>\t\t\t\t\t\t\t\t\t\t\t<figcaption class=\"widget-image-caption wp-caption-text\">Peepschow. Miroir, juda, monnayeur, rideau, ska\u00ef, bois et m\u00e9tal<\/figcaption>\n\t\t\t\t\t\t\t\t\t\t<\/figure>\n\t\t\t\t\t\t\t\t\t<\/div>\n\t\t\t\t<\/div>\n\t\t\t\t\t<\/div>\n\t\t\t\t<\/div>\n\t\t<div class=\"elementor-element elementor-element-3fc3e2f e-flex e-con-boxed e-con e-parent\" data-id=\"3fc3e2f\" data-element_type=\"container\">\n\t\t\t\t\t<div class=\"e-con-inner\">\n\t\t<div class=\"elementor-element elementor-element-a245603 e-con-full e-flex e-con e-child\" data-id=\"a245603\" data-element_type=\"container\">\n\t\t\t\t<\/div>\n\t\t<div class=\"elementor-element elementor-element-e6098e2 e-con-full e-flex e-con e-child\" data-id=\"e6098e2\" data-element_type=\"container\">\n\t\t\t\t<div class=\"elementor-element elementor-element-c60ff3a elementor-align-center elementor-widget elementor-widget-button\" data-id=\"c60ff3a\" data-element_type=\"widget\" data-widget_type=\"button.default\">\n\t\t\t\t\t\t\t\t\t\t<a class=\"elementor-button elementor-button-link elementor-size-sm\" href=\"https:\/\/ryelandt-j-b.be\/\">\n\t\t\t\t\t\t<span class=\"elementor-button-content-wrapper\">\n\t\t\t\t\t\t\t\t\t<span class=\"elementor-button-text\">Retour \u00e0 la page d'ACCUEIL<\/span>\n\t\t\t\t\t<\/span>\n\t\t\t\t\t<\/a>\n\t\t\t\t\t\t\t\t<\/div>\n\t\t\t\t<\/div>\n\t\t<div class=\"elementor-element elementor-element-62b6be3 e-con-full e-flex e-con e-child\" data-id=\"62b6be3\" data-element_type=\"container\">\n\t\t\t\t<\/div>\n\t\t\t\t\t<\/div>\n\t\t\t\t<\/div>\n\t\t\t\t<\/div>\n\t\t","protected":false},"excerpt":{"rendered":"<p>\u00ab\u00a0\u00e0 Propos 2\u00a0\u00bb est le label du duo Olivier Colassin &amp; Jean-Baptiste Ryelandt. Cr\u00e9ateurs d&rsquo;objets, de mobilier et de mobilier public, ils ont s\u00e9vi aussi en sculpture, assemblage et installation. Les pi\u00e8ces pr\u00e9sent\u00e9es ci-dessous ont \u00e9t\u00e9 expos\u00e9es, le plus souvent dans des expositions collectives pour lesquelles elles ont \u00e9t\u00e9 sp\u00e9cialement con\u00e7ues.\u00a0 La Col\u00e8re. B\u00e9ton, acier, [&hellip;]<\/p>\n","protected":false},"author":1,"featured_media":0,"parent":0,"menu_order":0,"comment_status":"closed","ping_status":"closed","template":"","meta":{"footnotes":""},"class_list":["post-31","page","type-page","status-publish","hentry"],"_links":{"self":[{"href":"https:\/\/ryelandt-j-b.be\/index.php\/wp-json\/wp\/v2\/pages\/31","targetHints":{"allow":["GET"]}}],"collection":[{"href":"https:\/\/ryelandt-j-b.be\/index.php\/wp-json\/wp\/v2\/pages"}],"about":[{"href":"https:\/\/ryelandt-j-b.be\/index.php\/wp-json\/wp\/v2\/types\/page"}],"author":[{"embeddable":true,"href":"https:\/\/ryelandt-j-b.be\/index.php\/wp-json\/wp\/v2\/users\/1"}],"replies":[{"embeddable":true,"href":"https:\/\/ryelandt-j-b.be\/index.php\/wp-json\/wp\/v2\/comments?post=31"}],"version-history":[{"count":49,"href":"https:\/\/ryelandt-j-b.be\/index.php\/wp-json\/wp\/v2\/pages\/31\/revisions"}],"predecessor-version":[{"id":443,"href":"https:\/\/ryelandt-j-b.be\/index.php\/wp-json\/wp\/v2\/pages\/31\/revisions\/443"}],"wp:attachment":[{"href":"https:\/\/ryelandt-j-b.be\/index.php\/wp-json\/wp\/v2\/media?parent=31"}],"curies":[{"name":"wp","href":"https:\/\/api.w.org\/{rel}","templated":true}]}}